{"id":130,"date":"2014-09-18T23:42:58","date_gmt":"2014-09-18T23:42:58","guid":{"rendered":"https:\/\/surolawoffice.com\/~surolawo\/?page_id=130"},"modified":"2025-02-02T03:40:14","modified_gmt":"2025-02-02T03:40:14","slug":"miguel-a-suro","status":"publish","type":"page","link":"https:\/\/surolawoffice.com\/en\/miguel-a-suro\/","title":{"rendered":"Miguel A. Suro"},"content":{"rendered":"\t\t<div data-elementor-type=\"wp-page\" data-elementor-id=\"130\" class=\"elementor elementor-130\">\n\t\t\t\t<div class=\"elementor-element elementor-element-6fa871bd wd-section-stretch e-flex e-con-boxed e-con e-parent\" data-id=\"6fa871bd\" data-element_type=\"container\" data-e-type=\"container\" data-settings=\"{&quot;background_background&quot;:&quot;classic&quot;}\">\n\t\t\t\t\t<div class=\"e-con-inner\">\n\t\t\t\t<div class=\"elementor-element elementor-element-1903b5d1 wd-width-100 elementor-widget elementor-widget-wd_title\" data-id=\"1903b5d1\" data-element_type=\"widget\" data-e-type=\"widget\" data-widget_type=\"wd_title.default\">\n\t\t\t\t<div class=\"elementor-widget-container\">\n\t\t\t\t\t\t\t\t<link rel=\"stylesheet\" id=\"wd-section-title-css\" href=\"https:\/\/surolawoffice.com\/wp-content\/themes\/woodmart\/css\/parts\/el-section-title.min.css?ver=7.5.0\" type=\"text\/css\" media=\"all\" \/> \t\t\t\t\t<div class=\"title-wrapper set-mb-s reset-last-child wd-title-color-default wd-title-style-default wd-title-size-default text-center\">\n\n\t\t\t\n\t\t\t<div class=\"liner-continer\">\n\t\t\t\t<h1 class=\"woodmart-title-container title wd-fontsize-l\">Our Attorneys<\/h1> \n\t\t\t\t\t\t\t<\/div>\n\n\t\t\t\t\t<\/div>\n\t\t\t\t\t\t<\/div>\n\t\t\t\t<\/div>\n\t\t\t\t\t<\/div>\n\t\t\t\t<\/div>\n\t\t<div class=\"elementor-element elementor-element-35dd1bba cs-biopg e-flex e-con-boxed e-con e-parent\" data-id=\"35dd1bba\" data-element_type=\"container\" data-e-type=\"container\">\n\t\t\t\t\t<div class=\"e-con-inner\">\n\t\t<div class=\"elementor-element elementor-element-42f37f7 e-con-full e-flex e-con e-child\" data-id=\"42f37f7\" data-element_type=\"container\" data-e-type=\"container\">\n\t\t\t\t<div class=\"elementor-element elementor-element-44f98663 centerhed wd-width-100 elementor-widget elementor-widget-wd_title\" data-id=\"44f98663\" data-element_type=\"widget\" data-e-type=\"widget\" data-widget_type=\"wd_title.default\">\n\t\t\t\t<div class=\"elementor-widget-container\">\n\t\t\t\t\t\t\t<div class=\"title-wrapper set-mb-s reset-last-child wd-title-color-default wd-title-style-default wd-title-size-default text-left\">\n\n\t\t\t\n\t\t\t<div class=\"liner-continer\">\n\t\t\t\t<h2 class=\"woodmart-title-container title wd-fontsize-l\">Miguel A. Suro<\/h2> \n\t\t\t\t\t\t\t<\/div>\n\n\t\t\t\t\t<\/div>\n\t\t\t\t\t\t<\/div>\n\t\t\t\t<\/div>\n\t\t\t\t<div class=\"elementor-element elementor-element-2245553b elementor-widget elementor-widget-wd_text_block\" data-id=\"2245553b\" data-element_type=\"widget\" data-e-type=\"widget\" data-widget_type=\"wd_text_block.default\">\n\t\t\t\t<div class=\"elementor-widget-container\">\n\t\t\t\t\t\t\t\t<link rel=\"stylesheet\" id=\"wd-text-block-css\" href=\"https:\/\/surolawoffice.com\/wp-content\/themes\/woodmart\/css\/parts\/el-text-block.min.css?ver=7.5.0\" type=\"text\/css\" media=\"all\" \/> \t\t\t\t\t<div class=\"wd-text-block reset-last-child text-left\">\n\t\t\t\n\t\t\t<p>Miguel joined his father in 2011 to form Suro &amp; Suro. Since then, he has dedicated himself to serving the injured and seeking redress for those who have been wronged. He has been deeply involved in representing many plaintiffs in cases with outstanding outcomes, including federal jury verdicts and favorable settlements.<\/p>\n\t\t\t\t\t<\/div>\n\t\t\t\t\t\t<\/div>\n\t\t\t\t<\/div>\n\t\t\t\t<div class=\"elementor-element elementor-element-705091d7 elementor-widget elementor-widget-wd_text_block\" data-id=\"705091d7\" data-element_type=\"widget\" data-e-type=\"widget\" data-widget_type=\"wd_text_block.default\">\n\t\t\t\t<div class=\"elementor-widget-container\">\n\t\t\t\t\t\t\t<div class=\"wd-text-block reset-last-child text-left\">\n\t\t\t\n\t\t\t<p>Before then, Miguel was an Associate in the Litigation Practice Group of McConnell Vald\u00e9s LLC, Puerto Rico\u2019s largest law firm. There, he had the honor of working with some of the island\u2019s leading litigators, and gained diverse experience, both in court and in the office.<\/p>\n\t\t\t\t\t<\/div>\n\t\t\t\t\t\t<\/div>\n\t\t\t\t<\/div>\n\t\t\t\t<div class=\"elementor-element elementor-element-19695be9 elementor-widget elementor-widget-wd_text_block\" data-id=\"19695be9\" data-element_type=\"widget\" data-e-type=\"widget\" data-widget_type=\"wd_text_block.default\">\n\t\t\t\t<div class=\"elementor-widget-container\">\n\t\t\t\t\t\t\t<div class=\"wd-text-block reset-last-child text-left\">\n\t\t\t\n\t\t\t<p>While in law school, he gained experience as a law clerk in Salda\u00f1a &amp; Carvajal, P.S.C. (now Salda\u00f1a, Carvajal &amp; V\u00e9lez-Riv\u00e9, P.S.C.), a firm with a rich commercial litigation and insurance defense practice. He also clerked at McConnell Vald\u00e9s while continuing his studies.<\/p>\n\t\t\t\t\t<\/div>\n\t\t\t\t\t\t<\/div>\n\t\t\t\t<\/div>\n\t\t\t\t<div class=\"elementor-element elementor-element-46d6be12 fancy-list elementor-widget elementor-widget-wd_text_block\" data-id=\"46d6be12\" data-element_type=\"widget\" data-e-type=\"widget\" data-widget_type=\"wd_text_block.default\">\n\t\t\t\t<div class=\"elementor-widget-container\">\n\t\t\t\t\t\t\t<div class=\"wd-text-block reset-last-child text-left\">\n\t\t\t\n\t\t\t<p>His strong academics and work experience at such varied firms allow him to bring a solid background to Suro &amp; Suro. Having had the privilege of helping people and businesses from all walks of life, and having sat \u201con both sides of the table\u201d, he is excellently positioned to represent the firm\u2019s clients.<\/p><p>Miguel also leads the firm's business and general counsel practices, where he helps clients achieve their personal and business goals.<\/p>\n\t\t\t\t\t<\/div>\n\t\t\t\t\t\t<\/div>\n\t\t\t\t<\/div>\n\t\t\t\t<div class=\"elementor-element elementor-element-24a186e1 wd-width-100 elementor-widget elementor-widget-wd_title\" data-id=\"24a186e1\" data-element_type=\"widget\" data-e-type=\"widget\" data-widget_type=\"wd_title.default\">\n\t\t\t\t<div class=\"elementor-widget-container\">\n\t\t\t\t\t\t\t<div class=\"title-wrapper set-mb-s reset-last-child wd-title-color-default wd-title-style-default wd-title-size-default text-left\">\n\n\t\t\t\n\t\t\t<div class=\"liner-continer\">\n\t\t\t\t<h3 class=\"woodmart-title-container title wd-fontsize-l\">Education<\/h3> \n\t\t\t\t\t\t\t<\/div>\n\n\t\t\t\t\t<\/div>\n\t\t\t\t\t\t<\/div>\n\t\t\t\t<\/div>\n\t\t\t\t<div class=\"elementor-element elementor-element-f300fc fancy-list elementor-widget elementor-widget-wd_text_block\" data-id=\"f300fc\" data-element_type=\"widget\" data-e-type=\"widget\" data-widget_type=\"wd_text_block.default\">\n\t\t\t\t<div class=\"elementor-widget-container\">\n\t\t\t\t\t\t\t<div class=\"wd-text-block reset-last-child text-left\">\n\t\t\t\n\t\t\t<ul><li>University of Puerto Rico School of Law (J.D., 2008) (With Honors)<\/li><li>Boston College (B.A., 2005) (Double Major in Political Science and Philosophy)<\/li><\/ul>\n\t\t\t\t\t<\/div>\n\t\t\t\t\t\t<\/div>\n\t\t\t\t<\/div>\n\t\t\t\t<div class=\"elementor-element elementor-element-022486a wd-width-100 elementor-widget elementor-widget-wd_title\" data-id=\"022486a\" data-element_type=\"widget\" data-e-type=\"widget\" data-widget_type=\"wd_title.default\">\n\t\t\t\t<div class=\"elementor-widget-container\">\n\t\t\t\t\t\t\t<div class=\"title-wrapper set-mb-s reset-last-child wd-title-color-default wd-title-style-default wd-title-size-default text-left\">\n\n\t\t\t\n\t\t\t<div class=\"liner-continer\">\n\t\t\t\t<h3 class=\"woodmart-title-container title wd-fontsize-l\">REPRESENTATIVE CASES<\/h3> \n\t\t\t\t\t\t\t<\/div>\n\n\t\t\t\t\t<\/div>\n\t\t\t\t\t\t<\/div>\n\t\t\t\t<\/div>\n\t\t\t\t<div class=\"elementor-element elementor-element-b9ffd08 fancy-list elementor-widget elementor-widget-wd_text_block\" data-id=\"b9ffd08\" data-element_type=\"widget\" data-e-type=\"widget\" data-widget_type=\"wd_text_block.default\">\n\t\t\t\t<div class=\"elementor-widget-container\">\n\t\t\t\t\t\t\t<div class=\"wd-text-block reset-last-child text-left\">\n\t\t\t\n\t\t\t<ul><li><span style=\"text-decoration: underline;\">Pineda Mafuz v. E-Z-Go A Textron Co.<\/span>, 2014 WL 12725970 (D.P.R. 2014) (prevailed in discovery dispute regarding the issue of a principal-agent relationship).<\/li><li><span style=\"text-decoration: underline;\">Borges v. Nat'l Fire Ins. Co.<\/span>, 2016 WL 11697047 (D.P.R. 2016) (motion to exclude the plaintiff's expert witness denied).<\/li><li><span style=\"text-decoration: underline;\">Alicea v. Cont'l Cas. Co.<\/span>, 2016 WL 2755445 (D.P.R. 2016) (motion to dismiss case denied).<\/li><li><span style=\"text-decoration: underline;\">Vazquez-Ferrer v. Hosp. Espanol Auxilio Mutuo de Puerto Rico, Inc.<\/span>, 2017 WL 354050 (D.P.R. 2017) (motion to dismiss EMTALA claim denied).<\/li><li><span style=\"text-decoration: underline;\">Garcia v. Hartford Fin. Servs. Grp., Inc.<\/span>, 2020 WL 13470966 (D.P.R. 2020) (successfully resisted defendants' attempt to depose non-testifying expert).<\/li><\/ul>\n\t\t\t\t\t<\/div>\n\t\t\t\t\t\t<\/div>\n\t\t\t\t<\/div>\n\t\t\t\t<div class=\"elementor-element elementor-element-2e553e9a wd-width-100 elementor-widget elementor-widget-wd_title\" data-id=\"2e553e9a\" data-element_type=\"widget\" data-e-type=\"widget\" data-widget_type=\"wd_title.default\">\n\t\t\t\t<div class=\"elementor-widget-container\">\n\t\t\t\t\t\t\t<div class=\"title-wrapper set-mb-s reset-last-child wd-title-color-default wd-title-style-default wd-title-size-default text-left\">\n\n\t\t\t\n\t\t\t<div class=\"liner-continer\">\n\t\t\t\t<h3 class=\"woodmart-title-container title wd-fontsize-l\">Law Firm Work Experience<\/h3> \n\t\t\t\t\t\t\t<\/div>\n\n\t\t\t\t\t<\/div>\n\t\t\t\t\t\t<\/div>\n\t\t\t\t<\/div>\n\t\t\t\t<div class=\"elementor-element elementor-element-35cbcd6 fancy-list elementor-widget elementor-widget-wd_text_block\" data-id=\"35cbcd6\" data-element_type=\"widget\" data-e-type=\"widget\" data-widget_type=\"wd_text_block.default\">\n\t\t\t\t<div class=\"elementor-widget-container\">\n\t\t\t\t\t\t\t<div class=\"wd-text-block reset-last-child text-left\">\n\t\t\t\n\t\t\t<ul><li>Suro &amp; Suro (2011 \u2013 Present)<\/li><li>McConnell Vald\u00e9s LLC \u2013 Associate (2008 \u2013 2011)<\/li><li>Salda\u00f1a &amp; Carvajal, P.S.C. \u2013 Student Law Clerk<\/li><li>McConnell Vald\u00e9s LLC \u2013 Summer Associate (Summer 2006 and Summer 2007)<\/li><\/ul>\n\t\t\t\t\t<\/div>\n\t\t\t\t\t\t<\/div>\n\t\t\t\t<\/div>\n\t\t\t\t<div class=\"elementor-element elementor-element-1c805516 wd-width-100 elementor-widget elementor-widget-wd_title\" data-id=\"1c805516\" data-element_type=\"widget\" data-e-type=\"widget\" data-widget_type=\"wd_title.default\">\n\t\t\t\t<div class=\"elementor-widget-container\">\n\t\t\t\t\t\t\t<div class=\"title-wrapper set-mb-s reset-last-child wd-title-color-default wd-title-style-default wd-title-size-default text-left\">\n\n\t\t\t\n\t\t\t<div class=\"liner-continer\">\n\t\t\t\t<h3 class=\"woodmart-title-container title wd-fontsize-l\">Bar Admissions<\/h3> \n\t\t\t\t\t\t\t<\/div>\n\n\t\t\t\t\t<\/div>\n\t\t\t\t\t\t<\/div>\n\t\t\t\t<\/div>\n\t\t\t\t<div class=\"elementor-element elementor-element-49a8626d fancy-list elementor-widget elementor-widget-wd_text_block\" data-id=\"49a8626d\" data-element_type=\"widget\" data-e-type=\"widget\" data-widget_type=\"wd_text_block.default\">\n\t\t\t\t<div class=\"elementor-widget-container\">\n\t\t\t\t\t\t\t<div class=\"wd-text-block reset-last-child text-left\">\n\t\t\t\n\t\t\t<ul><li>Commonwealth of Puerto Rico<\/li><li>State of Florida<\/li><li>United States District Court for the District of Puerto Rico<\/li><li>United States District Court for the Southern District of Florida<\/li><li>United States Court of Appeals for the First Circuit<\/li><li>Supreme Court of the United States<\/li><\/ul>\n\t\t\t\t\t<\/div>\n\t\t\t\t\t\t<\/div>\n\t\t\t\t<\/div>\n\t\t\t\t<div class=\"elementor-element elementor-element-56474f80 wd-width-100 elementor-widget elementor-widget-wd_title\" data-id=\"56474f80\" data-element_type=\"widget\" data-e-type=\"widget\" data-widget_type=\"wd_title.default\">\n\t\t\t\t<div class=\"elementor-widget-container\">\n\t\t\t\t\t\t\t<div class=\"title-wrapper set-mb-s reset-last-child wd-title-color-default wd-title-style-default wd-title-size-default text-left\">\n\n\t\t\t\n\t\t\t<div class=\"liner-continer\">\n\t\t\t\t<h3 class=\"woodmart-title-container title wd-fontsize-l\">Additional Training<\/h3> \n\t\t\t\t\t\t\t<\/div>\n\n\t\t\t\t\t<\/div>\n\t\t\t\t\t\t<\/div>\n\t\t\t\t<\/div>\n\t\t\t\t<div class=\"elementor-element elementor-element-1c93131d fancy-list elementor-widget elementor-widget-wd_text_block\" data-id=\"1c93131d\" data-element_type=\"widget\" data-e-type=\"widget\" data-widget_type=\"wd_text_block.default\">\n\t\t\t\t<div class=\"elementor-widget-container\">\n\t\t\t\t\t\t\t<div class=\"wd-text-block reset-last-child text-left\">\n\t\t\t\n\t\t\t<ul><li>National Institute for Trial Advocacy (NITA) Building Trial Skills Program<\/li><\/ul>\n\t\t\t\t\t<\/div>\n\t\t\t\t\t\t<\/div>\n\t\t\t\t<\/div>\n\t\t\t\t<div class=\"elementor-element elementor-element-5e5ff62a wd-width-100 elementor-widget elementor-widget-wd_title\" data-id=\"5e5ff62a\" data-element_type=\"widget\" data-e-type=\"widget\" data-widget_type=\"wd_title.default\">\n\t\t\t\t<div class=\"elementor-widget-container\">\n\t\t\t\t\t\t\t<div class=\"title-wrapper set-mb-s reset-last-child wd-title-color-default wd-title-style-default wd-title-size-default text-left\">\n\n\t\t\t\n\t\t\t<div class=\"liner-continer\">\n\t\t\t\t<h3 class=\"woodmart-title-container title wd-fontsize-l\">Memberships<\/h3> \n\t\t\t\t\t\t\t<\/div>\n\n\t\t\t\t\t<\/div>\n\t\t\t\t\t\t<\/div>\n\t\t\t\t<\/div>\n\t\t\t\t<div class=\"elementor-element elementor-element-24910740 fancy-list elementor-widget elementor-widget-wd_text_block\" data-id=\"24910740\" data-element_type=\"widget\" data-e-type=\"widget\" data-widget_type=\"wd_text_block.default\">\n\t\t\t\t<div class=\"elementor-widget-container\">\n\t\t\t\t\t\t\t<div class=\"wd-text-block reset-last-child text-left\">\n\t\t\t\n\t\t\t<ul><li>The Florida Bar<\/li><li>Puerto Rican Bar Association of Florida<\/li><li>Florida Justice Association<\/li><li>Federal Bar Association<\/li><li>Blockchain Lawyers Forum<\/li><\/ul>\n\t\t\t\t\t<\/div>\n\t\t\t\t\t\t<\/div>\n\t\t\t\t<\/div>\n\t\t\t\t<div class=\"elementor-element elementor-element-22d9c72f wd-width-100 elementor-widget elementor-widget-wd_title\" data-id=\"22d9c72f\" data-element_type=\"widget\" data-e-type=\"widget\" data-widget_type=\"wd_title.default\">\n\t\t\t\t<div class=\"elementor-widget-container\">\n\t\t\t\t\t\t\t<div class=\"title-wrapper set-mb-s reset-last-child wd-title-color-default wd-title-style-default wd-title-size-default text-left\">\n\n\t\t\t\n\t\t\t<div class=\"liner-continer\">\n\t\t\t\t<h3 class=\"woodmart-title-container title wd-fontsize-l\">Languages<\/h3> \n\t\t\t\t\t\t\t<\/div>\n\n\t\t\t\t\t<\/div>\n\t\t\t\t\t\t<\/div>\n\t\t\t\t<\/div>\n\t\t\t\t<div class=\"elementor-element elementor-element-37146c28 fancy-list elementor-widget elementor-widget-wd_text_block\" data-id=\"37146c28\" data-element_type=\"widget\" data-e-type=\"widget\" data-widget_type=\"wd_text_block.default\">\n\t\t\t\t<div class=\"elementor-widget-container\">\n\t\t\t\t\t\t\t<div class=\"wd-text-block reset-last-child text-left\">\n\t\t\t\n\t\t\t<ul><li>Fluent in English and Spanish<\/li><\/ul>\n\t\t\t\t\t<\/div>\n\t\t\t\t\t\t<\/div>\n\t\t\t\t<\/div>\n\t\t\t\t<div class=\"elementor-element elementor-element-1c24947 wd-width-100 elementor-widget elementor-widget-wd_title\" data-id=\"1c24947\" data-element_type=\"widget\" data-e-type=\"widget\" data-widget_type=\"wd_title.default\">\n\t\t\t\t<div class=\"elementor-widget-container\">\n\t\t\t\t\t\t\t<div class=\"title-wrapper set-mb-s reset-last-child wd-title-color-default wd-title-style-default wd-title-size-default text-left\">\n\n\t\t\t\n\t\t\t<div class=\"liner-continer\">\n\t\t\t\t<h3 class=\"woodmart-title-container title wd-fontsize-l\">media mentions<\/h3> \n\t\t\t\t\t\t\t<\/div>\n\n\t\t\t\t\t<\/div>\n\t\t\t\t\t\t<\/div>\n\t\t\t\t<\/div>\n\t\t\t\t<div class=\"elementor-element elementor-element-a2f0bd5 fancy-list elementor-widget elementor-widget-wd_text_block\" data-id=\"a2f0bd5\" data-element_type=\"widget\" data-e-type=\"widget\" data-widget_type=\"wd_text_block.default\">\n\t\t\t\t<div class=\"elementor-widget-container\">\n\t\t\t\t\t\t\t<div class=\"wd-text-block reset-last-child text-left\">\n\t\t\t\n\t\t\t<p><span style=\"font-size: 17px; text-align: var(--text-align); color: var(--wd-text-color);\">Miguel has been mentioned many times in major national media, personally and as an attorney. Here are some of those mentions:<br \/><\/span><\/p><ul><li><a href=\"https:\/\/www.nytimes.com\/2019\/12\/21\/fashion\/weddings\/how-to-get-ahead-of-proposal-anxiety.html\" target=\"_blank\" rel=\"noopener\">The New York Times<\/a><\/li><li><a href=\"https:\/\/www.consumerreports.org\/online-shopping\/online-shopping-scams-how-to-steer-clear\/\" target=\"_blank\" rel=\"noopener\">Consumer Reports<\/a><\/li><li><a href=\"https:\/\/www.nbcnews.com\/better\/pop-culture\/one-minute-hacks-cleaner-home-according-chronically-tidy-people-ncna949066\" target=\"_blank\" rel=\"noopener\">NBC<\/a><\/li><li><a href=\"https:\/\/www.latimes.com\/travel\/story\/2019-07-15\/high-tech-and-no-tech-ways-to-keep-your-home-safe-without-spending-a-fortune\" target=\"_blank\" rel=\"noopener\">The Los Angeles Times<\/a><\/li><li><a href=\"https:\/\/www.cnbc.com\/2019\/08\/21\/giving-up-lunch-breaks-may-risk-your-health-and-companys-bottom-line.html\" target=\"_blank\" rel=\"noopener\">CNBC<\/a><\/li><li><a href=\"https:\/\/www.refinery29.com\/en-us\/2019\/04\/227526\/how-to-job-search-when-youre-pregnant\" target=\"_blank\" rel=\"noopener\">Refinery29<\/a><\/li><\/ul><p>\u00a0<\/p>\n\t\t\t\t\t<\/div>\n\t\t\t\t\t\t<\/div>\n\t\t\t\t<\/div>\n\t\t\t\t<\/div>\n\t\t<div class=\"elementor-element elementor-element-5442ea59 e-con-full e-flex e-con e-child\" data-id=\"5442ea59\" data-element_type=\"container\" data-e-type=\"container\">\n\t\t\t\t<div class=\"elementor-element elementor-element-50899d31 elementor-widget elementor-widget-wd_infobox\" data-id=\"50899d31\" data-element_type=\"widget\" data-e-type=\"widget\" data-widget_type=\"wd_infobox.default\">\n\t\t\t\t<div class=\"elementor-widget-container\">\n\t\t\t\t\t\t\t\t<link rel=\"stylesheet\" id=\"wd-info-box-css\" href=\"https:\/\/surolawoffice.com\/wp-content\/themes\/woodmart\/css\/parts\/el-info-box.min.css?ver=7.5.0\" type=\"text\/css\" media=\"all\" \/> \t\t\t\t\t<div class=\"info-box-wrapper\">\n\t\t\t<div class=\"wd-info-box text-center box-icon-align-top box-style-base color-scheme- with-btn box-btn-static\">\n\t\t\t\t\t\t\t\t\t<div class=\"box-icon-wrapper  box-with-icon box-icon-simple\">\n\t\t\t\t\t\t<div class=\"info-box-icon\">\n\t\t\t\t\t\t\t\t\t\t\t\t\t\t\t<img fetchpriority=\"high\" decoding=\"async\" width=\"358\" height=\"370\" src=\"https:\/\/surolawoffice.com\/wp-content\/uploads\/ms-1.jpg\" class=\"attachment-full size-full\" alt=\"\" srcset=\"https:\/\/surolawoffice.com\/wp-content\/uploads\/ms-1.jpg 358w, https:\/\/surolawoffice.com\/wp-content\/uploads\/ms-1-290x300.jpg 290w, https:\/\/surolawoffice.com\/wp-content\/uploads\/ms-1-12x12.jpg 12w\" sizes=\"(max-width: 358px) 100vw, 358px\" \/>\t\t\t\t\t\t\t\t\t\t\t\t\t<\/div>\n\t\t\t\t\t<\/div>\n\t\t\t\t\n\t\t\t\t<div class=\"info-box-content\">\n\t\t\t\t\t\n\t\t\t\t\t\t\t\t\t\t\t<h4\t\t\t\t\t\tclass=\"info-box-title title box-title-style-default wd-fontsize-m\" data-elementor-setting-key=\"title\">\n\t\t\t\t\t\t\t\tContact Information\t\t\t\t\t\t<\/h4>\n\t\t\t\t\t\n\t\t\t\t\t<div class=\"info-box-inner set-cont-mb-s reset-last-child\"data-elementor-setting-key=\"content\"><p>Phone: (786) 814-6427<\/p>\n<p>E-Mail: masc@surolawoffice.com<\/p>\n<\/div>\n\n\t\t\t\t\t\t\t\t\t\t\t<div class=\"info-btn-wrapper\">\n\t\t\t\t\t\t\t\t\t<div class=\"wd-button-wrapper text-center\" >\n\t\t\t<a class=\"btn btn-style-default btn-style-rectangle btn-size-default btn-color-default btn-icon-pos-right\"  href=\"mailto:masc@surolawoffice.com\">\n\t\t\t\t<span class=\"wd-btn-text\" data-elementor-setting-key=\"text\">\n\t\t\t\t\tTalk to Miguel\t\t\t\t<\/span>\n\n\t\t\t\t\t\t\t<\/a>\n\t\t<\/div>\n\t\t\t\t\t\t\t\t<\/div>\n\t\t\t\t\t\t\t\t\t<\/div>\n\n\t\t\t\t\t\t\t<\/div>\n\t\t<\/div>\n\t\t\t\t\t\t<\/div>\n\t\t\t\t<\/div>\n\t\t\t\t<\/div>\n\t\t\t\t\t<\/div>\n\t\t\t\t<\/div>\n\t\t\t\t<\/div>\n\t\t","protected":false},"excerpt":{"rendered":"<p>Our Attorneys Miguel A. Suro Miguel joined his father in 2011 to form Suro &amp; Suro. Since then, he has<\/p>\n","protected":false},"author":1,"featured_media":0,"parent":0,"menu_order":0,"comment_status":"closed","ping_status":"closed","template":"","meta":{"iawp_total_views":324,"footnotes":""},"class_list":["post-130","page","type-page","status-publish","hentry"],"_links":{"self":[{"href":"https:\/\/surolawoffice.com\/en\/wp-json\/wp\/v2\/pages\/130","targetHints":{"allow":["GET"]}}],"collection":[{"href":"https:\/\/surolawoffice.com\/en\/wp-json\/wp\/v2\/pages"}],"about":[{"href":"https:\/\/surolawoffice.com\/en\/wp-json\/wp\/v2\/types\/page"}],"author":[{"embeddable":true,"href":"https:\/\/surolawoffice.com\/en\/wp-json\/wp\/v2\/users\/1"}],"replies":[{"embeddable":true,"href":"https:\/\/surolawoffice.com\/en\/wp-json\/wp\/v2\/comments?post=130"}],"version-history":[{"count":59,"href":"https:\/\/surolawoffice.com\/en\/wp-json\/wp\/v2\/pages\/130\/revisions"}],"predecessor-version":[{"id":589,"href":"https:\/\/surolawoffice.com\/en\/wp-json\/wp\/v2\/pages\/130\/revisions\/589"}],"wp:attachment":[{"href":"https:\/\/surolawoffice.com\/en\/wp-json\/wp\/v2\/media?parent=130"}],"curies":[{"name":"wp","href":"https:\/\/api.w.org\/{rel}","templated":true}]}}